{"id":186,"date":"2025-11-20T11:46:36","date_gmt":"2025-11-20T11:46:36","guid":{"rendered":"https:\/\/tribemar.com\/index.php\/home\/"},"modified":"2026-02-18T22:28:55","modified_gmt":"2026-02-18T22:28:55","slug":"home","status":"publish","type":"page","link":"https:\/\/tribemar.com\/","title":{"rendered":"Home"},"content":{"rendered":"\n<div class=\"wp-block-cover alignfull is-light hestia-clear-top-padding\"><span aria-hidden=\"true\" class=\"wp-block-cover__background has-white-background-color has-background-dim-100 has-background-dim\"><\/span><div class=\"wp-block-cover__inner-container is-layout-flow wp-block-cover-is-layout-flow\">\n<h2 class=\"wp-block-heading has-text-align-center has-text-color\" style=\"color:#3c4858\">No que Acreditamos<\/h2>\n\n\n\n<div style=\"height:40px\" aria-hidden=\"true\" class=\"wp-block-spacer\"><\/div>\n\n\n\n<div class=\"wp-block-columns container is-layout-flex wp-container-core-columns-is-layout-28f84493 wp-block-columns-is-layout-flex\">\n<div class=\"wp-block-column is-layout-flow wp-block-column-is-layout-flow\"><div class=\"wp-block-image\">\n<figure class=\"aligncenter size-large\"><img decoding=\"async\" src=\"https:\/\/tribemar.com\/wp-content\/themes\/hestia\/assets\/img\/feat1.png\" alt=\"\" class=\"wp-image-70\"\/><\/figure>\n<\/div>\n\n\n<h5 class=\"wp-block-heading has-text-align-center has-text-color\" style=\"color:#3c4858;font-size:18px\">\u26a1 Compromisso &amp; Disponibilidade<\/h5>\n\n\n\n<p class=\"has-text-align-center has-text-color\" style=\"color:#999999;font-size:14px\">Na Tribemar respondemos com rapidez, clareza e profissionalismo. Seja para forma\u00e7\u00e3o, experi\u00eancias ou servi\u00e7os de mergulho profissional, garantimos acompanhamento pr\u00f3ximo e solu\u00e7\u00f5es adaptadas a cada cliente.<\/p>\n\n\n\n<div style=\"height:25px\" aria-hidden=\"true\" class=\"wp-block-spacer\"><\/div>\n<\/div>\n\n\n\n<div class=\"wp-block-column is-layout-flow wp-block-column-is-layout-flow\"><div class=\"wp-block-image\">\n<figure class=\"aligncenter size-large\"><img decoding=\"async\" src=\"https:\/\/tribemar.com\/wp-content\/themes\/hestia\/assets\/img\/feat2.png\" alt=\"\" class=\"wp-image-71\"\/><\/figure>\n<\/div>\n\n\n<h5 class=\"wp-block-heading has-text-align-center has-text-color\" style=\"color:#3c4858;font-size:18px\">\ud83d\udedf Qualidade &amp; Seguran\u00e7a<\/h5>\n\n\n\n<p class=\"has-text-align-center has-text-color\" style=\"color:#999999;font-size:14px\">A seguran\u00e7a est\u00e1 sempre em primeiro lugar. Trabalhamos com equipamento certificado, manuten\u00e7\u00e3o rigorosa e planeamento t\u00e9cnico detalhado em todas as opera\u00e7\u00f5es  recreativas ou profissionais.<\/p>\n\n\n\n<div style=\"height:25px\" aria-hidden=\"true\" class=\"wp-block-spacer\"><\/div>\n<\/div>\n\n\n\n<div class=\"wp-block-column is-layout-flow wp-block-column-is-layout-flow\"><div class=\"wp-block-image\">\n<figure class=\"aligncenter size-large\"><img decoding=\"async\" src=\"https:\/\/tribemar.com\/wp-content\/themes\/hestia\/assets\/img\/feat3.png\" alt=\"\" class=\"wp-image-72\"\/><\/figure>\n<\/div>\n\n\n<h5 class=\"wp-block-heading has-text-align-center has-text-color\" style=\"color:#3c4858;font-size:18px\">\ud83e\udd1d Acompanhamento &amp; Confian\u00e7a<\/h5>\n\n\n\n<p class=\"has-text-align-center has-text-color\" style=\"color:#999999;font-size:14px\">Acreditamos em rela\u00e7\u00f5es duradouras. Apoiamos os nossos alunos desde o primeiro mergulho at\u00e9 n\u00edveis avan\u00e7ados e oferecemos suporte t\u00e9cnico cont\u00ednuo aos nossos clientes empresariais.<\/p>\n\n\n\n<div style=\"height:25px\" aria-hidden=\"true\" class=\"wp-block-spacer\"><\/div>\n<\/div>\n<\/div>\n\n\n\n<div style=\"height:40px\" aria-hidden=\"true\" class=\"wp-block-spacer\"><\/div>\n<\/div><\/div>\n\n\n\n<div class=\"wp-block-columns container is-layout-flex wp-container-core-columns-is-layout-28f84493 wp-block-columns-is-layout-flex\">\n<div class=\"wp-block-column col-md-5 is-layout-flow wp-block-column-is-layout-flow\">\n<div style=\"height:55px\" aria-hidden=\"true\" class=\"wp-block-spacer\"><\/div>\n\n\n\n<h2 class=\"wp-block-heading\">Sobre a Tribemar<\/h2>\n\n\n\n<p>A Tribemar \u00e9 uma escola e empresa de mergulho dedicada \u00e0 forma\u00e7\u00e3o, experi\u00eancias subaqu\u00e1ticas e servi\u00e7os profissionais.<\/p>\n\n\n\n<p>Trabalhamos para ligar pessoas ao oceano com responsabilidade, compet\u00eancia t\u00e9cnica e paix\u00e3o pelo mar.<\/p>\n\n\n\n<p>Mais do que uma escola de mergulho, somos um parceiro de confian\u00e7a para particulares, empresas e institui\u00e7\u00f5es que procuram excel\u00eancia no meio subaqu\u00e1tico<\/p>\n<\/div>\n\n\n\n<div class=\"wp-block-column col-md-6 col-md-offset1 is-layout-flow wp-block-column-is-layout-flow\">\n<div style=\"height:55px\" aria-hidden=\"true\" class=\"wp-block-spacer\"><\/div>\n\n\n\n<div class=\"wp-block-group\"><div class=\"wp-block-group__inner-container is-layout-constrained wp-block-group-is-layout-constrained\">\n<div class=\"wp-block-columns is-layout-flex wp-container-core-columns-is-layout-28f84493 wp-block-columns-is-layout-flex\">\n<div class=\"wp-block-column is-layout-flow wp-block-column-is-layout-flow\" style=\"flex-basis:100%\">\n<div id=\"wp-block-themeisle-blocks-slider-21877e20\" class=\"wp-block-themeisle-blocks-slider glide\" data-per-view=\"1\" data-gap=\"0\" data-peek=\"0\" data-autoplay=\"true\" data-height=\"400px\" data-hide-arrows=\"false\"><div class=\"glide__track\" data-glide-el=\"track\"><div class=\"glide__slides\"><div class=\"wp-block-themeisle-blocks-slider-item-wrapper glide__slide\" tabindex=\"0\"><figure><img decoding=\"async\" class=\"wp-block-themeisle-blocks-slider-item\" src=\"https:\/\/tribemar.com\/wp-content\/uploads\/2026\/02\/1000070743-scaled.jpg\" alt=\"\" title=\"\" data-id=\"222\"\/><\/figure><\/div><div class=\"wp-block-themeisle-blocks-slider-item-wrapper glide__slide\" tabindex=\"0\"><figure><img decoding=\"async\" class=\"wp-block-themeisle-blocks-slider-item\" src=\"https:\/\/tribemar.com\/wp-content\/uploads\/2026\/02\/6438680_01_thumb.jpg\" alt=\"\" title=\"\" data-id=\"218\"\/><\/figure><\/div><div class=\"wp-block-themeisle-blocks-slider-item-wrapper glide__slide\" tabindex=\"0\"><figure><img decoding=\"async\" class=\"wp-block-themeisle-blocks-slider-item\" src=\"https:\/\/tribemar.com\/wp-content\/uploads\/2026\/02\/images.jpg\" alt=\"\" title=\"\" data-id=\"219\"\/><\/figure><\/div><div class=\"wp-block-themeisle-blocks-slider-item-wrapper glide__slide\" tabindex=\"0\"><figure><img decoding=\"async\" class=\"wp-block-themeisle-blocks-slider-item\" src=\"https:\/\/tribemar.com\/wp-content\/uploads\/2026\/02\/transferir-3.jpg\" alt=\"\" title=\"\" data-id=\"217\"\/><\/figure><\/div><div class=\"wp-block-themeisle-blocks-slider-item-wrapper glide__slide\" tabindex=\"0\"><figure><img decoding=\"async\" class=\"wp-block-themeisle-blocks-slider-item\" src=\"https:\/\/tribemar.com\/wp-content\/uploads\/2026\/02\/1742637985618.jpg\" alt=\"\" title=\"\" data-id=\"221\"\/><\/figure><\/div><div class=\"wp-block-themeisle-blocks-slider-item-wrapper glide__slide\" tabindex=\"0\"><figure><img decoding=\"async\" class=\"wp-block-themeisle-blocks-slider-item\" src=\"https:\/\/tribemar.com\/wp-content\/uploads\/2026\/02\/1742632015346.jpg\" alt=\"\" title=\"\" data-id=\"220\"\/><\/figure><\/div><\/div><div class=\"glide__bullets\" data-glide-el=\"controls[nav]\"><button class=\"glide__bullet\" data-glide-dir=\"=0\"><\/button><button class=\"glide__bullet\" data-glide-dir=\"=1\"><\/button><button class=\"glide__bullet\" data-glide-dir=\"=2\"><\/button><button class=\"glide__bullet\" data-glide-dir=\"=3\"><\/button><button class=\"glide__bullet\" data-glide-dir=\"=4\"><\/button><button class=\"glide__bullet\" data-glide-dir=\"=5\"><\/button><\/div><\/div><\/div>\n<\/div>\n<\/div>\n<\/div><\/div>\n\n\n\n<p><\/p>\n\n\n\n<figure class=\"wp-block-gallery has-nested-images columns-default is-cropped wp-block-gallery-1 is-layout-flex wp-block-gallery-is-layout-flex\"><\/figure>\n<\/div>\n<\/div>\n","protected":false},"excerpt":{"rendered":"<p>Sobre a Tribemar A Tribemar \u00e9 uma escola e empresa de mergulho dedicada \u00e0 forma\u00e7\u00e3o, experi\u00eancias subaqu\u00e1ticas e servi\u00e7os profissionais. Trabalhamos para ligar pessoas ao oceano com responsabilidade, compet\u00eancia t\u00e9cnica e paix\u00e3o pelo mar. Mais do que uma escola de mergulho, somos um parceiro de confian\u00e7a para particulares, empresas e [&hellip;]<\/p>\n","protected":false},"author":1,"featured_media":0,"parent":0,"menu_order":0,"comment_status":"closed","ping_status":"closed","template":"","meta":{"_themeisle_gutenberg_block_has_review":false,"footnotes":""},"class_list":["post-186","page","type-page","status-publish","hentry"],"_links":{"self":[{"href":"https:\/\/tribemar.com\/index.php\/wp-json\/wp\/v2\/pages\/186","targetHints":{"allow":["GET"]}}],"collection":[{"href":"https:\/\/tribemar.com\/index.php\/wp-json\/wp\/v2\/pages"}],"about":[{"href":"https:\/\/tribemar.com\/index.php\/wp-json\/wp\/v2\/types\/page"}],"author":[{"embeddable":true,"href":"https:\/\/tribemar.com\/index.php\/wp-json\/wp\/v2\/users\/1"}],"replies":[{"embeddable":true,"href":"https:\/\/tribemar.com\/index.php\/wp-json\/wp\/v2\/comments?post=186"}],"version-history":[{"count":2,"href":"https:\/\/tribemar.com\/index.php\/wp-json\/wp\/v2\/pages\/186\/revisions"}],"predecessor-version":[{"id":224,"href":"https:\/\/tribemar.com\/index.php\/wp-json\/wp\/v2\/pages\/186\/revisions\/224"}],"wp:attachment":[{"href":"https:\/\/tribemar.com\/index.php\/wp-json\/wp\/v2\/media?parent=186"}],"curies":[{"name":"wp","href":"https:\/\/api.w.org\/{rel}","templated":true}]}}